{"id":39,"date":"2021-11-05T21:51:39","date_gmt":"2021-11-05T20:51:39","guid":{"rendered":"https:\/\/acel-asso.com\/wordpress\/?page_id=39"},"modified":"2025-05-05T18:19:51","modified_gmt":"2025-05-05T16:19:51","slug":"les-monitrices-et-moniteurs","status":"publish","type":"page","link":"https:\/\/acel-asso.com\/?page_id=39","title":{"rendered":"Les monitrices et moniteurs"},"content":{"rendered":"<p>[et_pb_section fb_built=\u00a0\u00bb1&Prime; fullwidth=\u00a0\u00bbon\u00a0\u00bb _builder_version=\u00a0\u00bb4.16&Prime; _module_preset=\u00a0\u00bbdefault\u00a0\u00bb animation_style=\u00a0\u00bbfade\u00a0\u00bb global_colors_info=\u00a0\u00bb{}\u00a0\u00bb][et_pb_fullwidth_slider _builder_version=\u00a0\u00bb4.16&Prime; _module_preset=\u00a0\u00bbdefault\u00a0\u00bb global_colors_info=\u00a0\u00bb{}\u00a0\u00bb][et_pb_slide heading=\u00a0\u00bbLes monitrices et moniteurs\u00a0\u00bb _builder_version=\u00a0\u00bb4.16&Prime; _module_preset=\u00a0\u00bbdefault\u00a0\u00bb background_image=\u00a0\u00bbhttps:\/\/acel-asso.com\/wordpress\/wp-content\/uploads\/2022\/01\/IMG_1468-scaled-e1642848341830.jpg\u00a0\u00bb background_enable_image=\u00a0\u00bbon\u00a0\u00bb global_colors_info=\u00a0\u00bb{}\u00a0\u00bb sticky_transition=\u00a0\u00bbon\u00a0\u00bb][\/et_pb_slide][\/et_pb_fullwidth_slider][\/et_pb_section][et_pb_section fb_built=\u00a0\u00bb1&Prime; _builder_version=\u00a0\u00bb4.16&Prime; _module_preset=\u00a0\u00bbdefault\u00a0\u00bb global_colors_info=\u00a0\u00bb{}\u00a0\u00bb][et_pb_row _builder_version=\u00a0\u00bb4.16&Prime; _module_preset=\u00a0\u00bbdefault\u00a0\u00bb animation_style=\u00a0\u00bbzoom\u00a0\u00bb animation_delay=\u00a0\u00bb1000ms\u00a0\u00bb global_colors_info=\u00a0\u00bb{}\u00a0\u00bb][et_pb_column type=\u00a0\u00bb4_4&Prime; _builder_version=\u00a0\u00bb4.16&Prime; _module_preset=\u00a0\u00bbdefault\u00a0\u00bb global_colors_info=\u00a0\u00bb{}\u00a0\u00bb][et_pb_text _builder_version=\u00a0\u00bb4.16&Prime; _module_preset=\u00a0\u00bbdefault\u00a0\u00bb text_font_size=\u00a0\u00bb16px\u00a0\u00bb custom_padding=\u00a0\u00bb||73px|||\u00a0\u00bb global_colors_info=\u00a0\u00bb{}\u00a0\u00bb]<\/p>\n<p style=\"text-align: center;\"><span>Mo \u00a0\u00a0 Voici l\u2019\u00e9quipe de monitrices et moniteurs qui vous aideront dans l\u2019\u00e9ducation de votre chien. Ils sont titulaires d\u2019un titre d\u2019\u00e9ducateur canin de la SCC. <\/span><\/p>\n<p style=\"text-align: center;\"><span>Ce sont des <strong>b\u00e9n\u00e9voles<\/strong>\u2026.<\/span><\/p>\n<table style=\"width: 99.7196%; border-collapse: collapse; border-style: solid; margin-left: auto; margin-right: auto; height: 526px;\" cellspacing=\"2\" cellpadding=\"2\" border=\"2\">\n<tbody>\n<tr style=\"height: 24px;\">\n<td style=\"width: 520.033px; text-align: center; height: 24px;\">Nom<\/td>\n<td style=\"width: 520.033px; text-align: center; height: 24px;\">Niveau<\/td>\n<\/tr>\n<tr style=\"height: 24px;\">\n<td style=\"width: 520.033px; text-align: center; height: 24px;\"><span>Christophe Defaye<\/span><\/td>\n<td style=\"width: 520.033px; text-align: center; height: 24px;\"><span>Moniteur 2\u00e8me degr\u00e9 + \u00e9cole du chiot + habilitation mordant<\/span><span><\/span><\/td>\n<\/tr>\n<tr style=\"height: 24px;\">\n<td style=\"width: 520.033px; text-align: center; height: 24px;\"><span>Laurence Henry<\/span><\/td>\n<td style=\"width: 520.033px; text-align: center; height: 24px;\"><span>Monitrice 2\u00e8me degr\u00e9 + habilitation mordant<\/span><\/td>\n<\/tr>\n<tr style=\"height: 24px;\">\n<td style=\"width: 520.033px; text-align: center; height: 24px;\"><span>Yohan Souchet<\/span><\/td>\n<td style=\"width: 520.033px; text-align: center; height: 24px;\"><span>Moniteur 2\u00e8me\u00a0 degr\u00e9 + \u00e9cole du chiot<\/span><\/td>\n<\/tr>\n<tr style=\"height: 24px;\">\n<td style=\"width: 520.033px; text-align: center; height: 24px;\"><span>Val\u00e9rie Legendre-Rio<\/span><\/td>\n<td style=\"width: 520.033px; text-align: center; height: 24px;\"><span>Monitrice 1er degr\u00e9 + \u00e9cole du chiot<\/span><\/td>\n<\/tr>\n<tr style=\"height: 48px;\">\n<td style=\"width: 520.033px; text-align: center; height: 48px;\"><span>Morgan Moine<\/span><\/td>\n<td style=\"width: 520.033px; text-align: center; height: 48px;\"><span>Moniteur 1er degr\u00e9 + \u00e9cole du chiot<\/span><\/td>\n<\/tr>\n<tr style=\"height: 24px;\">\n<td style=\"width: 520.033px; text-align: center; height: 24px;\"><span>Sabine Noguer<\/span><\/td>\n<td style=\"width: 520.033px; text-align: center; height: 24px;\"><span>Monitrice 1er degr\u00e9 + \u00e9cole du chiot<\/span><\/td>\n<\/tr>\n<tr style=\"height: 24px;\">\n<td style=\"width: 520.033px; text-align: center; height: 24px;\"><span>Thibaut Quentin<\/span><\/td>\n<td style=\"width: 520.033px; text-align: center; height: 24px;\"><span>Moniteur 1er degr\u00e9 <br \/><\/span><\/td>\n<\/tr>\n<tr style=\"height: 24px;\">\n<td style=\"width: 520.033px; text-align: center; height: 24px;\"><span>Aur\u00e9lie Renaud<\/span><\/td>\n<td style=\"width: 520.033px; text-align: center; height: 24px;\"><span> Monitrice 1er degr\u00e9 + \u00e9cole du chiot<\/span><\/td>\n<\/tr>\n<tr style=\"height: 24px;\">\n<td style=\"width: 520.033px; text-align: center; height: 24px;\"><span>Yvan Reynaud <\/span><\/td>\n<td style=\"width: 520.033px; text-align: center; height: 24px;\"><span>Moniteur 1er degr\u00e9 + \u00e9cole du chiot<\/span><\/td>\n<\/tr>\n<tr style=\"height: 24px;\">\n<td style=\"width: 520.033px; text-align: center; height: 24px;\"><span><\/span><span><\/span><span>Gyslaine Tabailloud<\/span><\/td>\n<td style=\"width: 520.033px; text-align: center; height: 24px;\"><span>\u00a0<\/span><span>Monitrice 1er degr\u00e9 + \u00e9cole du chiot<\/span><\/td>\n<\/tr>\n<tr style=\"height: 24px;\">\n<td style=\"width: 520.033px; text-align: center; height: 24px;\"><span><\/span><span><\/span><span>Maxime Tabailloud<\/span><\/td>\n<td style=\"width: 520.033px; text-align: center; height: 24px;\"><span>Moniteur 1er degr\u00e9 + \u00e9cole du chiot <br \/><\/span><\/td>\n<\/tr>\n<tr style=\"height: 24px;\">\n<td style=\"width: 520.033px; text-align: center; height: 24px;\"><span>Martine Durieux<\/span><span><\/span><span><\/span><\/td>\n<td style=\"width: 520.033px; text-align: center; height: 24px;\"><span>Stagiaire<\/span><\/td>\n<\/tr>\n<tr style=\"height: 24px;\">\n<td style=\"width: 520.033px; text-align: center; height: 28px;\"><span><\/span><span><\/span><\/td>\n<td style=\"width: 520.033px; text-align: center; height: 28px;\"><span><\/span><span><\/span><span><\/span><\/td>\n<\/tr>\n<tr>\n<td style=\"width: 520.033px; text-align: center;\"><\/td>\n<td style=\"width: 520.033px; text-align: center;\"><\/td>\n<\/tr>\n<tr>\n<td style=\"width: 520.033px; text-align: center;\"><span>\u00a0<\/span><\/td>\n<td style=\"width: 520.033px; text-align: center;\"><\/td>\n<\/tr>\n<tr>\n<td style=\"width: 520.033px; text-align: center;\"><\/td>\n<td style=\"width: 520.033px; text-align: center;\"><\/td>\n<\/tr>\n<\/tbody>\n<\/table>\n<p>[\/et_pb_text][\/et_pb_column][\/et_pb_row][\/et_pb_section]<\/p>\n","protected":false},"excerpt":{"rendered":"<p>Mo \u00a0\u00a0 Voici l\u2019\u00e9quipe de monitrices et moniteurs qui vous aideront dans l\u2019\u00e9ducation de votre chien. Ils sont titulaires d\u2019un titre d\u2019\u00e9ducateur canin de la SCC. Ce sont des b\u00e9n\u00e9voles\u2026. Nom Niveau Christophe Defaye Moniteur 2\u00e8me degr\u00e9 + \u00e9cole du chiot + habilitation mordant Laurence Henry Monitrice 2\u00e8me degr\u00e9 + habilitation mordant Yohan Souchet Moniteur [&hellip;]<\/p>\n","protected":false},"author":1,"featured_media":0,"parent":43,"menu_order":0,"comment_status":"closed","ping_status":"closed","template":"","meta":{"_et_pb_use_builder":"on","_et_pb_old_content":"","_et_gb_content_width":"","footnotes":""},"class_list":["post-39","page","type-page","status-publish","hentry"],"_links":{"self":[{"href":"https:\/\/acel-asso.com\/index.php?rest_route=\/wp\/v2\/pages\/39","targetHints":{"allow":["GET"]}}],"collection":[{"href":"https:\/\/acel-asso.com\/index.php?rest_route=\/wp\/v2\/pages"}],"about":[{"href":"https:\/\/acel-asso.com\/index.php?rest_route=\/wp\/v2\/types\/page"}],"author":[{"embeddable":true,"href":"https:\/\/acel-asso.com\/index.php?rest_route=\/wp\/v2\/users\/1"}],"replies":[{"embeddable":true,"href":"https:\/\/acel-asso.com\/index.php?rest_route=%2Fwp%2Fv2%2Fcomments&post=39"}],"version-history":[{"count":25,"href":"https:\/\/acel-asso.com\/index.php?rest_route=\/wp\/v2\/pages\/39\/revisions"}],"predecessor-version":[{"id":424,"href":"https:\/\/acel-asso.com\/index.php?rest_route=\/wp\/v2\/pages\/39\/revisions\/424"}],"up":[{"embeddable":true,"href":"https:\/\/acel-asso.com\/index.php?rest_route=\/wp\/v2\/pages\/43"}],"wp:attachment":[{"href":"https:\/\/acel-asso.com\/index.php?rest_route=%2Fwp%2Fv2%2Fmedia&parent=39"}],"curies":[{"name":"wp","href":"https:\/\/api.w.org\/{rel}","templated":true}]}}