{"id":21,"date":"2021-11-05T20:51:11","date_gmt":"2021-11-05T19:51:11","guid":{"rendered":"https:\/\/acel-asso.com\/wordpress\/?page_id=21"},"modified":"2025-08-17T15:34:28","modified_gmt":"2025-08-17T13:34:28","slug":"21-2","status":"publish","type":"page","link":"https:\/\/acel-asso.com\/?page_id=21","title":{"rendered":"Inscription"},"content":{"rendered":"<p>[et_pb_section fb_built=\u00a0\u00bb1&Prime; fullwidth=\u00a0\u00bbon\u00a0\u00bb _builder_version=\u00a0\u00bb4.16&Prime; _module_preset=\u00a0\u00bbdefault\u00a0\u00bb animation_style=\u00a0\u00bbfade\u00a0\u00bb global_colors_info=\u00a0\u00bb{}\u00a0\u00bb][et_pb_fullwidth_slider _builder_version=\u00a0\u00bb4.16&Prime; _module_preset=\u00a0\u00bbdefault\u00a0\u00bb background_image=\u00a0\u00bbhttps:\/\/acel-asso.com\/wp-content\/uploads\/2022\/01\/ariege-049-scaled.jpg\u00a0\u00bb global_colors_info=\u00a0\u00bb{}\u00a0\u00bb][et_pb_slide heading=\u00a0\u00bbInscription au club\u00a0\u00bb _builder_version=\u00a0\u00bb4.16&Prime; _module_preset=\u00a0\u00bbdefault\u00a0\u00bb background_image=\u00a0\u00bbhttps:\/\/acel-asso.com\/wp-content\/uploads\/2022\/01\/Acel-11-03-2017-22-scaled.jpg\u00a0\u00bb background_enable_image=\u00a0\u00bbon\u00a0\u00bb global_colors_info=\u00a0\u00bb{}\u00a0\u00bb sticky_transition=\u00a0\u00bbon\u00a0\u00bb][\/et_pb_slide][\/et_pb_fullwidth_slider][\/et_pb_section][et_pb_section fb_built=\u00a0\u00bb1&Prime; _builder_version=\u00a0\u00bb4.16&Prime; _module_preset=\u00a0\u00bbdefault\u00a0\u00bb global_colors_info=\u00a0\u00bb{}\u00a0\u00bb][et_pb_row column_structure=\u00a0\u00bb1_2,1_2&Prime; _builder_version=\u00a0\u00bb4.16&Prime; _module_preset=\u00a0\u00bbdefault\u00a0\u00bb global_colors_info=\u00a0\u00bb{}\u00a0\u00bb][et_pb_column type=\u00a0\u00bb1_2&Prime; _builder_version=\u00a0\u00bb4.16&Prime; _module_preset=\u00a0\u00bbdefault\u00a0\u00bb animation_style=\u00a0\u00bbslide\u00a0\u00bb animation_direction=\u00a0\u00bbleft\u00a0\u00bb animation_delay=\u00a0\u00bb1000ms\u00a0\u00bb global_colors_info=\u00a0\u00bb{}\u00a0\u00bb][et_pb_image src=\u00a0\u00bbhttps:\/\/acel-asso.com\/wordpress\/wp-content\/uploads\/2022\/01\/Acel-11-03-2017-08-scaled.jpg\u00a0\u00bb title_text=\u00a0\u00bbAcel-11-03-2017-08&Prime; _builder_version=\u00a0\u00bb4.16&Prime; _module_preset=\u00a0\u00bbdefault\u00a0\u00bb custom_padding=\u00a0\u00bb|||0px||\u00a0\u00bb global_colors_info=\u00a0\u00bb{}\u00a0\u00bb][\/et_pb_image][et_pb_text _builder_version=\u00a0\u00bb4.16&Prime; _module_preset=\u00a0\u00bbdefault\u00a0\u00bb custom_padding=\u00a0\u00bb21px||8px|||\u00a0\u00bb global_colors_info=\u00a0\u00bb{}\u00a0\u00bb]<\/p>\n<h2 style=\"text-align: center;\"><strong>Liens utiles<\/strong><\/h2>\n<p><strong><\/strong><\/p>\n<p><strong><\/strong><\/p>\n<p style=\"text-align: center;\"><a href=\"https:\/\/acel-asso.com\/wordpress\/wp-content\/uploads\/2021\/11\/feuille-inscription-club-1.docx\" rel=\"attachment wp-att-29\"><\/a><\/p>\n<p style=\"text-align: center;\"><a href=\"https:\/\/acel-asso.com\/wordpress\/wp-content\/uploads\/2021\/11\/Reglement-Interieur-ACEL.docx\" rel=\"attachment wp-att-27\"><\/a><\/p>\n<p style=\"text-align: center;\"><a href=\"https:\/\/acel-asso.com\/wordpress\/wp-content\/uploads\/2021\/11\/Protocole-dUtilisation-du-Terrain-2017.docx\" rel=\"attachment wp-att-28\"><\/a><\/p>\n<p>[\/et_pb_text][et_pb_text _builder_version=\u00a0\u00bb4.27.4&Prime; _module_preset=\u00a0\u00bbdefault\u00a0\u00bb hover_enabled=\u00a0\u00bb0&Prime; global_colors_info=\u00a0\u00bb{}\u00a0\u00bb sticky_enabled=\u00a0\u00bb0&Prime;]<\/p>\n<p><a href=\"https:\/\/acel-asso.com\/wp-content\/uploads\/2025\/08\/feuille-inscription-club-ACEL-08-2025.pdf\" rel=\"attachment wp-att-453\">feuille inscription club- ACEL 08-2025<\/a><a href=\"https:\/\/acel-asso.com\/wp-content\/uploads\/2022\/03\/Protocole-dUtilisation-du-Terrain-2017.pdf\" rel=\"attachment wp-att-212\"><\/a><\/p>\n<p><a href=\"https:\/\/acel-asso.com\/wp-content\/uploads\/2022\/03\/Protocole-dUtilisation-du-Terrain-2017.pdf\" rel=\"attachment wp-att-212\">Protocole d&rsquo;Utilisation du Terrain 2017<\/a><\/p>\n<p><a href=\"https:\/\/acel-asso.com\/wp-content\/uploads\/2021\/11\/Reglement-Interieur-ACEL.docx\" rel=\"attachment wp-att-27\">R\u00e8glement-Interieur-ACEL<\/a><\/p>\n<p><a href=\"https:\/\/acel-asso.com\/wp-content\/uploads\/2021\/11\/feuille-inscription-club-1.docx\" rel=\"attachment wp-att-29\"><\/a><\/p>\n<p>&nbsp;<\/p>\n<p>[\/et_pb_text][\/et_pb_column][et_pb_column type=\u00a0\u00bb1_2&Prime; _builder_version=\u00a0\u00bb4.16&Prime; _module_preset=\u00a0\u00bbdefault\u00a0\u00bb animation_style=\u00a0\u00bbslide\u00a0\u00bb animation_direction=\u00a0\u00bbright\u00a0\u00bb animation_delay=\u00a0\u00bb1000ms\u00a0\u00bb global_colors_info=\u00a0\u00bb{}\u00a0\u00bb][et_pb_text _builder_version=\u00a0\u00bb4.16&Prime; _module_preset=\u00a0\u00bbdefault\u00a0\u00bb text_font_size=\u00a0\u00bb16px\u00a0\u00bb min_height=\u00a0\u00bb945.4px\u00a0\u00bb global_colors_info=\u00a0\u00bb{}\u00a0\u00bb]<\/p>\n<p style=\"text-align: justify;\"><span>\u00a0L\u2019 adh\u00e9sion au Club est pour 1 an \u00e0 partir de la date d\u2019inscription.<\/span><\/p>\n<p style=\"text-align: justify;\"><span>Cela vous co\u00fbtera 160\u20ac ( cotisation, fonctionnement du Club + licence)<\/span><\/p>\n<p style=\"text-align: justify;\"><span>Les cours sont donn\u00e9s tous les samedi \u00e0 partir de 14h15. ( Penser \u00e0 venir plus t\u00f4t pour d\u00e9tendre le chien)<\/span><\/p>\n<p style=\"text-align: justify;\"><span>Suivant l\u2019\u00e2ge et le niveau des chiens,\u00a0 les horaires sont r\u00e9partis de la fa\u00e7on suivante :<\/span><\/p>\n<p style=\"text-align: justify;\"><span>14h15 \u2013 15h15 : <\/span><\/p>\n<p style=\"text-align: justify;\"><span>-Ecole des chiots \u00ab Bleus \u00bb et \u00ab Jaunes \u00bb (jusqu\u2019\u00e0 1 an\u00a0 suivant le niveau)\u00a0\u00a0\u00a0 <\/span><\/p>\n<p style=\"text-align: justify;\"><span>-Le cours des \u00ab Verts \u00bb (Adultes ayant d\u00e9j\u00e0 un certain niveau d\u2019\u00e9ducation).<br \/><\/span><\/p>\n<p style=\"text-align: justify;\"><span>15h45 \u2013 16h45 :\u00a0 <\/span><\/p>\n<p style=\"text-align: justify;\"><span>-Le cours des \u00ab Rouges \u00bb, et \u00ab Rose \u00bb (apr\u00e8s l\u2019\u00e9cole des chiots et int\u00e9gration des chiens de + de 11-12 mois)<\/span><\/p>\n<p>&nbsp;<\/p>\n<p style=\"text-align: justify;\"><span>Pour le 1er cours, se pr\u00e9senter \u00e0 l\u2019accueil dans la cabane ou demander Christophe, Mary, Gyslaine ou Laurence. Vous devrez nous pr\u00e9senter les papiers du chien (puce et vaccins).<br \/><\/span><\/p>\n<p style=\"text-align: justify;\"><span>Il vous sera fait un cours th\u00e9orique afin d\u2019int\u00e9grer au mieux le groupe. Pour un chiot jusqu\u2019\u00e0 11-12 mois, venir pour 14h00. Pour un chien de + de 12 mois,venir pour 15h30. Un badge vous sera donn\u00e9 pour suivre le cours.<\/span><\/p>\n<p style=\"text-align: justify;\"><span>Le 1er cours est gratuit. Se munir d\u2019un collier (pas de harnais), d\u2019une laisse d\u2019environ 1 m\u00e8tre ( pas d\u2019enrouleur) et de \u00ab friandises \u00bb (saucisse style knaki, gruy\u00e8re\u2026..facile \u00e0 manger).\u00a0<\/span><\/p>\n<p style=\"text-align: justify;\"><span>Nous acceptons les chiens de plus d\u20191an seulement apr\u00e8s une \u00e9valuation et son comportement pendant le cours gratuit.<\/span><\/p>\n<p style=\"text-align: justify;\"><span>Veuillez trouver ci-apr\u00e8s le dossier d\u2019adh\u00e9sion \u00e0 nous pr\u00e9senter lors de votre inscription ou le r\u00e9cup\u00e9rer \u00e0 l\u2019issue de votre 1er cours.<br \/><\/span><\/p>\n<p style=\"text-align: justify;\"><span>NB :\u00a0 Le vaccin de la toux du chenil est obligatoire au Club (Novibac kc, BB plus ou Pneumodog)<\/span><\/p>\n<p style=\"text-align: justify;\"><span><\/span><\/p>\n<p>[\/et_pb_text][\/et_pb_column][\/et_pb_row][\/et_pb_section]<\/p>\n","protected":false},"excerpt":{"rendered":"<p>Liens utiles feuille inscription club- ACEL 08-2025 Protocole d&rsquo;Utilisation du Terrain 2017 R\u00e8glement-Interieur-ACEL &nbsp;\u00a0L\u2019 adh\u00e9sion au Club est pour 1 an \u00e0 partir de la date d\u2019inscription. Cela vous co\u00fbtera 160\u20ac ( cotisation, fonctionnement du Club + licence) Les cours sont donn\u00e9s tous les samedi \u00e0 partir de 14h15. ( Penser \u00e0 venir plus t\u00f4t [&hellip;]<\/p>\n","protected":false},"author":1,"featured_media":0,"parent":0,"menu_order":2,"comment_status":"closed","ping_status":"closed","template":"","meta":{"_et_pb_use_builder":"on","_et_pb_old_content":"","_et_gb_content_width":"","footnotes":""},"class_list":["post-21","page","type-page","status-publish","hentry"],"_links":{"self":[{"href":"https:\/\/acel-asso.com\/index.php?rest_route=\/wp\/v2\/pages\/21","targetHints":{"allow":["GET"]}}],"collection":[{"href":"https:\/\/acel-asso.com\/index.php?rest_route=\/wp\/v2\/pages"}],"about":[{"href":"https:\/\/acel-asso.com\/index.php?rest_route=\/wp\/v2\/types\/page"}],"author":[{"embeddable":true,"href":"https:\/\/acel-asso.com\/index.php?rest_route=\/wp\/v2\/users\/1"}],"replies":[{"embeddable":true,"href":"https:\/\/acel-asso.com\/index.php?rest_route=%2Fwp%2Fv2%2Fcomments&post=21"}],"version-history":[{"count":18,"href":"https:\/\/acel-asso.com\/index.php?rest_route=\/wp\/v2\/pages\/21\/revisions"}],"predecessor-version":[{"id":454,"href":"https:\/\/acel-asso.com\/index.php?rest_route=\/wp\/v2\/pages\/21\/revisions\/454"}],"wp:attachment":[{"href":"https:\/\/acel-asso.com\/index.php?rest_route=%2Fwp%2Fv2%2Fmedia&parent=21"}],"curies":[{"name":"wp","href":"https:\/\/api.w.org\/{rel}","templated":true}]}}